{"id":124,"date":"2017-11-14T10:55:54","date_gmt":"2017-11-14T09:55:54","guid":{"rendered":"http:\/\/duchlleida.com\/?page_id=124"},"modified":"2017-11-14T10:55:54","modified_gmt":"2017-11-14T09:55:54","slug":"inicio","status":"publish","type":"page","link":"http:\/\/duchlleida.com\/es","title":{"rendered":"Inicio"},"content":{"rendered":"<div class=\"space_20 clearfix\"><\/div>\n<blockquote><p>Las personas, empresas y todo el que las forman son las ra\u00edces de nuestras ideas.<br \/>\nEsto significa que nos interesamos por sus deseos antes de definir el dise\u00f1o y las caracter\u00edsticas de todos los proyectos que ofrecemos.<br \/>\nPorque no s\u00f3lo son espacios t\u00e9cnicamente perfectos, sino \u00e1reas de relaci\u00f3n humana.<\/p><\/blockquote>\n<div class=\"hrule clearfix\"><\/div>\n<p>&nbsp;<\/p>\n","protected":false},"excerpt":{"rendered":"<p>Las personas, empresas y todo el que las forman son las ra\u00edces de nuestras ideas. Esto significa que nos interesamos por sus deseos antes de definir el dise\u00f1o y las caracter\u00edsticas de todos los proyectos que ofrecemos. Porque no s\u00f3lo &hellip; <a href=\"http:\/\/duchlleida.com\/es\">Leer m\u00e1s<\/a><\/p>\n","protected":false},"author":1,"featured_media":0,"parent":0,"menu_order":0,"comment_status":"closed","ping_status":"closed","template":"","meta":{"footnotes":""},"class_list":["post-124","page","type-page","status-publish","hentry"],"_links":{"self":[{"href":"http:\/\/duchlleida.com\/es\/wp-json\/wp\/v2\/pages\/124","targetHints":{"allow":["GET"]}}],"collection":[{"href":"http:\/\/duchlleida.com\/es\/wp-json\/wp\/v2\/pages"}],"about":[{"href":"http:\/\/duchlleida.com\/es\/wp-json\/wp\/v2\/types\/page"}],"author":[{"embeddable":true,"href":"http:\/\/duchlleida.com\/es\/wp-json\/wp\/v2\/users\/1"}],"replies":[{"embeddable":true,"href":"http:\/\/duchlleida.com\/es\/wp-json\/wp\/v2\/comments?post=124"}],"version-history":[{"count":1,"href":"http:\/\/duchlleida.com\/es\/wp-json\/wp\/v2\/pages\/124\/revisions"}],"predecessor-version":[{"id":125,"href":"http:\/\/duchlleida.com\/es\/wp-json\/wp\/v2\/pages\/124\/revisions\/125"}],"wp:attachment":[{"href":"http:\/\/duchlleida.com\/es\/wp-json\/wp\/v2\/media?parent=124"}],"curies":[{"name":"wp","href":"https:\/\/api.w.org\/{rel}","templated":true}]}}