{"id":128,"date":"2017-11-14T11:04:24","date_gmt":"2017-11-14T10:04:24","guid":{"rendered":"http:\/\/duchlleida.com\/?page_id=128"},"modified":"2017-11-20T21:15:47","modified_gmt":"2017-11-20T20:15:47","slug":"qui-som","status":"publish","type":"page","link":"http:\/\/duchlleida.com\/es\/qui-som","title":{"rendered":"Quienes somos"},"content":{"rendered":"<div class=\"space_40 clearfix\"><\/div>\n<div class=\"row\"> <div class=\"col-md-6\">\n<blockquote><p><span class=\"hiddenSpellError\">Duch<\/span> espais &amp; ambients, es una empresa con 35 a\u00f1os de experiencia dentro del mundo de la decoraci\u00f3n y el interiorismo. Ubicada en la ciudad de Lleida, con una exposici\u00f3n permanente de 1500 m\u00b2, dedicados a la venta de mobiliario, iluminaci\u00f3n, decoraci\u00f3n, regalos, cortinajes y cuadros.<\/p><\/blockquote>\n<\/div><div class=\"col-md-6\">\n<blockquote><p>Disponemos de un equipo de t\u00e9cnicos especializados que lo asesoran en el proyecto de su hogar o espacio profesional.<br \/>\nNuestros objetivos son la honestidad, claridad y transparencia. Porque solo logrando su confianza, podremos llegar a conseguir nuestro objetivo, que no es otro, que satisfacer plenamente sus expectativas.<\/p><\/blockquote>\n<\/div><\/div>\n<p>&nbsp;<\/p>\n<hr \/>\n<p>&nbsp;<\/p>\n","protected":false},"excerpt":{"rendered":"<p>&nbsp; &nbsp;<\/p>\n","protected":false},"author":1,"featured_media":0,"parent":0,"menu_order":0,"comment_status":"closed","ping_status":"closed","template":"","meta":{"footnotes":""},"class_list":["post-128","page","type-page","status-publish","hentry"],"_links":{"self":[{"href":"http:\/\/duchlleida.com\/es\/wp-json\/wp\/v2\/pages\/128","targetHints":{"allow":["GET"]}}],"collection":[{"href":"http:\/\/duchlleida.com\/es\/wp-json\/wp\/v2\/pages"}],"about":[{"href":"http:\/\/duchlleida.com\/es\/wp-json\/wp\/v2\/types\/page"}],"author":[{"embeddable":true,"href":"http:\/\/duchlleida.com\/es\/wp-json\/wp\/v2\/users\/1"}],"replies":[{"embeddable":true,"href":"http:\/\/duchlleida.com\/es\/wp-json\/wp\/v2\/comments?post=128"}],"version-history":[{"count":3,"href":"http:\/\/duchlleida.com\/es\/wp-json\/wp\/v2\/pages\/128\/revisions"}],"predecessor-version":[{"id":247,"href":"http:\/\/duchlleida.com\/es\/wp-json\/wp\/v2\/pages\/128\/revisions\/247"}],"wp:attachment":[{"href":"http:\/\/duchlleida.com\/es\/wp-json\/wp\/v2\/media?parent=128"}],"curies":[{"name":"wp","href":"https:\/\/api.w.org\/{rel}","templated":true}]}}